{"id":16,"date":"2017-07-17T09:12:50","date_gmt":"2017-07-17T09:12:50","guid":{"rendered":"http:\/\/demo.mysterythemes.com\/news-portal\/?page_id=16"},"modified":"2024-01-05T09:14:51","modified_gmt":"2024-01-05T02:14:51","slug":"about","status":"publish","type":"page","link":"https:\/\/duonglaodaiyen.com\/","title":{"rendered":"Trung t\u00e2m ch\u0103m s\u00f3c ng\u01b0\u1eddi cao tu\u1ed5i t\u1ea1i Ch\u01b0\u01a1ng M\u1ef9, H\u00e0 N\u1ed9i"},"content":{"rendered":"<p><\/p>\r\n<center>\r\n<p><em>\u0110\u1ecba ch\u1ec9: \u0111\u01b0\u1eddng Nguy\u1ec5n V\u0103n Tr\u1ed7i, x\u00e3 \u0110\u1ea1i Y\u00ean, huy\u1ec7n Ch\u01b0\u01a1ng M\u1ef9, H\u00e0 N\u1ed9i<\/em><\/p>\r\n<p style=\"text-align: left;\"><span class=\"x3nfvp2 x1j61x8r x1fcty0u xdj266r xhhsvwb xat24cr xgzva0m xxymvpz xlup9mm x1kky2od\"><img loading=\"lazy\" decoding=\"async\" class=\"xz74otr alignleft\" src=\"https:\/\/static.xx.fbcdn.net\/images\/emoji.php\/v9\/t60\/3\/16\/1f61e.png\" alt=\"\ud83d\ude1e\" width=\"16\" height=\"16\" \/><\/span> V\u1edbi nh\u1ecbp s\u1ed1ng hi\u1ec7n \u0111\u1ea1i ng\u00e0y nay, con c\u00e1i th\u01b0\u1eddng b\u1eadn r\u1ed9n v\u1edbi c\u00f4ng vi\u1ec7c v\u00e0 gia \u0111\u00ecnh, kh\u00f4ng c\u00f3 nhi\u1ec1u th\u1eddi gian ch\u0103m s\u00f3c \u00f4ng b\u00e0, cha m\u1eb9. \u0110i\u1ec1u n\u00e0y khi\u1ebfn nhi\u1ec1u ng\u01b0\u1eddi cao tu\u1ed5i c\u1ea3m th\u1ea5y c\u00f4 \u0111\u01a1n, l\u1ea1c l\u00f5ng v\u00e0 thi\u1ebfu th\u1ed1n t\u00ecnh c\u1ea3m.<\/p>\r\n<p style=\"text-align: left;\"><strong style=\"font-family: var( --e-global-typography-text-font-family ), Sans-serif; letter-spacing: 0px;\">D\u01af\u1ee0NG L\u00c3O \u0110\u1ea0I Y\u00caN<\/strong> v\u1eabn lu\u00f4n t\u1ef1 h\u00e0o l\u00e0 Trung t\u00e2m ch\u0103m s\u00f3c ng\u01b0\u1eddi cao tu\u1ed5i c\u00f3 khu\u00f4n vi\u00ean s\u1ea1ch s\u1ebd, s\u00e2n v\u01b0\u1eddn r\u1ed9ng r\u00e3i, tho\u00e1ng m\u00e1t, y\u00ean t\u0129nh, th\u00e2n thi\u1ec7n v\u1edbi ng\u01b0\u1eddi cao tu\u1ed5i. Kh\u00f4ng nh\u1eefng v\u1eady, \u0111\u1ed9i ng\u0169 \u0111i\u1ec1u d\u01b0\u1ee1ng vi\u00ean c\u0169ng h\u1ebft s\u1ee9c t\u1eadn t\u00ecnh ch\u0103m s\u00f3c, tr\u1ebb trung, n\u0103ng \u0111\u1ed9ng, chuy\u00ean nghi\u1ec7p s\u1ebd gi\u00fap cho cu\u1ed9c s\u1ed1ng \u201cx\u1ebf chi\u1ec1u\u201d c\u1ee7a ng\u01b0\u1eddi cao tu\u1ed5i \u0111\u01b0\u1ee3c ch\u1ea5t l\u01b0\u1ee3ng h\u01a1n, an vi\u00ean h\u01a1n.\u00a0<\/p>\r\n<figure id=\"attachment_1040\" aria-describedby=\"caption-attachment-1040\" style=\"width: 4000px\" class=\"wp-caption aligncenter\"><img loading=\"lazy\" decoding=\"async\" class=\"size-full wp-image-1040\" src=\"https:\/\/duonglaodaiyen.com\/wp-content\/uploads\/2024\/01\/20240102_105138.jpg\" alt=\"NS\u01afT t\u1edbi th\u0103m vi\u1ec7n d\u01b0\u1ee1ng l\u00e3o \u0110\u1ea1i Y\u00ean\" width=\"4000\" height=\"3000\" \/><figcaption id=\"caption-attachment-1040\" class=\"wp-caption-text\">\u00a0\u0110\u1ea1i gia \u0111\u00ecnh NS\u01afT Ch\u00ed Trung t\u1edbi th\u0103m Trung t\u00e2m d\u01b0\u1ee1ng l\u00e3o \u0110\u1ea1i Y\u00ean<\/figcaption><\/figure>\r\n<p>&nbsp;<\/p>\r\n<figure id=\"attachment_983\" aria-describedby=\"caption-attachment-983\" style=\"width: 4000px\" class=\"wp-caption aligncenter\"><img loading=\"lazy\" decoding=\"async\" class=\"wp-image-983 size-full\" src=\"https:\/\/duonglaodaiyen.com\/wp-content\/uploads\/2023\/10\/20231029_093642.jpg\" alt=\"ng\u01b0\u1eddi cao tu\u1ed5i, vi\u1ec7n d\u01b0\u1ee1ng l\u00e3o, ch\u0103m s\u00f3c ng\u01b0\u1eddi gi\u00e0, ch\u0103m s\u00f3c tinh th\u1ea7n cho ng\u01b0\u1eddi cao tu\u1ed5i.\" width=\"4000\" height=\"3000\" \/><figcaption id=\"caption-attachment-983\" class=\"wp-caption-text\">Gi\u1edd sinh ho\u1ea1t chung t\u1ea1i Trung t\u00e2m D\u01b0\u1ee1ng l\u00e3o \u0110\u1ea1i Y\u00ean<\/figcaption><\/figure>\r\n<\/center>\r\n<p><span class=\"x3nfvp2 x1j61x8r x1fcty0u xdj266r xhhsvwb xat24cr xgzva0m xxymvpz xlup9mm x1kky2od\"><img loading=\"lazy\" decoding=\"async\" class=\"xz74otr alignleft\" src=\"https:\/\/static.xx.fbcdn.net\/images\/emoji.php\/v9\/t23\/3\/16\/1f492.png\" alt=\"\ud83d\udc92\" width=\"16\" height=\"16\" \/> <\/span>D\u01b0\u1ee1ng l\u00e3o \u0110\u1ea1i Y\u00ean l\u00e0 m\u1ed9t gi\u1ea3i ph\u00e1p hi\u1ec7u qu\u1ea3 gi\u00fap ng\u01b0\u1eddi cao tu\u1ed5i c\u00f3 \u0111\u01b0\u1ee3c cu\u1ed9c s\u1ed1ng an y\u00ean, tr\u1ecdn v\u1eb9n trong nh\u1eefng n\u0103m th\u00e1ng x\u1ebf chi\u1ec1u.<\/p>\r\n<figure id=\"attachment_975\" aria-describedby=\"caption-attachment-975\" style=\"width: 4000px\" class=\"wp-caption aligncenter\"><img loading=\"lazy\" decoding=\"async\" class=\"size-full wp-image-975\" src=\"https:\/\/duonglaodaiyen.com\/wp-content\/uploads\/2023\/10\/20230913_163450.jpg\" alt=\"C\u00e1c c\u1ee5 ng\u1ed3i ch\u01a1i trong khu\u00f4n vi\u00ean c\u1ee7a Trung t\u00e2m\" width=\"4000\" height=\"3000\" \/><figcaption id=\"caption-attachment-975\" class=\"wp-caption-text\">C\u00e1c c\u1ee5 ng\u1ed3i ch\u01a1i trong khu\u00f4n vi\u00ean c\u1ee7a Trung t\u00e2m<\/figcaption><\/figure>\r\n<p>&nbsp;<\/p>\r\n<p><strong>D\u01af\u1ee0NG L\u00c3O \u0110\u1ea0I Y\u00caN<\/strong> kh\u00f4ng ch\u1ec9 cung c\u1ea5p d\u1ecbch v\u1ee5 ch\u0103m s\u00f3c ng\u01b0\u1eddi cao tu\u1ed5i d\u00e0i ng\u00e0y m\u00e0 c\u00f2n c\u00f3 c\u1ea3 d\u1ecbch v\u1ee5 ch\u0103m s\u00f3c ng\u1eafn ng\u00e0y v\u1edbi <a href=\"https:\/\/duonglaodaiyen.com\/index.php\/bieu-gia-dich-vu\/\">chi ph\u00ed \u01b0u \u0111\u00e3i<\/a>. N\u1ebfu qu\u00fd v\u1ecb c\u00f3 nhu c\u1ea7u s\u1eed d\u1ee5ng d\u1ecbch v\u1ee5 ch\u0103m s\u00f3c ng\u01b0\u1eddi cao tu\u1ed5i ng\u1eafn ng\u00e0y, \u0111\u1eebng ch\u1ea7n ch\u1eeb li\u00ean h\u1ec7 v\u1edbi\u00a0<strong>D\u01af\u1ee0NG L\u00c3O \u0110\u1ea0I Y\u00caN<\/strong>\u00a0qua hotline: 0358 988 588 (zalo) ho\u1eb7c 093 626 0088<\/p>\r\n<div class=\"x11i5rnm xat24cr x1mh8g0r x1vvkbs xtlvy1s x126k92a\">\r\n<div dir=\"auto\">\r\n<figure id=\"attachment_959\" aria-describedby=\"caption-attachment-959\" style=\"width: 4000px\" class=\"wp-caption aligncenter\"><img loading=\"lazy\" decoding=\"async\" class=\"size-full wp-image-959\" src=\"https:\/\/duonglaodaiyen.com\/wp-content\/uploads\/2023\/10\/duong-lao-cham-soc-nguoi-cao-tuoi-12.jpg\" alt=\"ng\u01b0\u1eddi cao tu\u1ed5i, vi\u1ec7n d\u01b0\u1ee1ng l\u00e3o, ch\u0103m s\u00f3c ng\u01b0\u1eddi gi\u00e0, ch\u0103m s\u00f3c tinh th\u1ea7n cho ng\u01b0\u1eddi cao tu\u1ed5i. d\u01b0\u1ee1ng l\u00e3o \u0110\u1ea1i Y\u00ean\" width=\"4000\" height=\"3000\" \/><figcaption id=\"caption-attachment-959\" class=\"wp-caption-text\">Ng\u01b0\u1eddi cao tu\u1ed5i d\u00f9ng b\u1eefa tr\u01b0a<\/figcaption><\/figure>\r\n<\/div>\r\n<div dir=\"auto\">\u00a0<\/div>\r\n<div dir=\"auto\">Trung t\u00e2m cung c\u1ea5p c\u00e1c d\u1ecbch v\u1ee5 ch\u0103m s\u00f3c to\u00e0n di\u1ec7n, bao g\u1ed3m:<\/div>\r\n<\/div>\r\n<div class=\"x11i5rnm xat24cr x1mh8g0r x1vvkbs xtlvy1s x126k92a\">\r\n<div dir=\"auto\"><span class=\"x3nfvp2 x1j61x8r x1fcty0u xdj266r xhhsvwb xat24cr xgzva0m xxymvpz xlup9mm x1kky2od\"><img loading=\"lazy\" decoding=\"async\" class=\"xz74otr\" src=\"https:\/\/static.xx.fbcdn.net\/images\/emoji.php\/v9\/t8f\/3\/16\/1f449.png\" alt=\"\ud83d\udc49\" width=\"16\" height=\"16\" \/><\/span>Ch\u0103m s\u00f3c y t\u1ebf: \u0110\u1ed9i ng\u0169 \u0111i\u1ec1u d\u01b0\u1ee1ng vi\u00ean chuy\u00ean nghi\u1ec7p s\u1ebd cung c\u1ea5p cho ng\u01b0\u1eddi cao tu\u1ed5i s\u1ef1 ch\u0103m s\u00f3c, quan t\u00e2m, nu\u00f4i d\u01b0\u1ee1ng T\u1eacN T\u00ccNH, CHU \u0110\u00c1O.<\/div>\r\n<div dir=\"auto\"><span class=\"x3nfvp2 x1j61x8r x1fcty0u xdj266r xhhsvwb xat24cr xgzva0m xxymvpz xlup9mm x1kky2od\"><img loading=\"lazy\" decoding=\"async\" class=\"xz74otr\" src=\"https:\/\/static.xx.fbcdn.net\/images\/emoji.php\/v9\/t8f\/3\/16\/1f449.png\" alt=\"\ud83d\udc49\" width=\"16\" height=\"16\" \/><\/span>Ch\u0103m s\u00f3c dinh d\u01b0\u1ee1ng: Ch\u1ebf \u0111\u1ed9 \u0103n u\u1ed1ng \u0111\u01b0\u1ee3c t\u00ednh to\u00e1n PH\u00d9 H\u1ee2P v\u1edbi t\u00ecnh tr\u1ea1ng s\u1ee9c kh\u1ecfe v\u00e0 s\u1edf th\u00edch c\u1ee7a t\u1eebng ng\u01b0\u1eddi.<\/div>\r\n<div dir=\"auto\"><span class=\"x3nfvp2 x1j61x8r x1fcty0u xdj266r xhhsvwb xat24cr xgzva0m xxymvpz xlup9mm x1kky2od\"><img loading=\"lazy\" decoding=\"async\" class=\"xz74otr\" src=\"https:\/\/static.xx.fbcdn.net\/images\/emoji.php\/v9\/t8f\/3\/16\/1f449.png\" alt=\"\ud83d\udc49\" width=\"16\" height=\"16\" \/><\/span>Ch\u0103m s\u00f3c \u0111\u1eddi s\u1ed1ng tinh th\u1ea7n: Trung t\u00e2m t\u1ed5 ch\u1ee9c c\u00e1c ho\u1ea1t \u0111\u1ed9ng vui ch\u01a1i, gi\u1ea3i tr\u00ed, giao l\u01b0u,&#8230; gi\u00fap ng\u01b0\u1eddi cao tu\u1ed5i c\u00f3 \u0111\u01b0\u1ee3c cu\u1ed9c s\u1ed1ng VUI V\u1eba, L\u1ea0C QUAN.<\/div>\r\n<\/div>\r\n<p><img loading=\"lazy\" decoding=\"async\" class=\"size-full wp-image-1013\" src=\"https:\/\/duonglaodaiyen.com\/wp-content\/uploads\/2023\/12\/Duong-lao-Dai-Yen.png\" alt=\"ng\u01b0\u1eddi cao tu\u1ed5i, vi\u1ec7n d\u01b0\u1ee1ng l\u00e3o, ch\u0103m s\u00f3c ng\u01b0\u1eddi gi\u00e0, ch\u0103m s\u00f3c tinh th\u1ea7n cho ng\u01b0\u1eddi cao tu\u1ed5i. d\u01b0\u1ee1ng l\u00e3o \u0110\u1ea1i Y\u00ean\" width=\"1080\" height=\"1920\" \/><\/p>\r\n<h5 class=\"wp-block-heading\" style=\"text-align: center;\">V\u1ec1 ch\u00fang t\u00f4i<\/h5>\r\n<p>C\u00f4ng ty TNHH \u0110\u1ea7u t\u01b0 th\u01b0\u01a1ng m\u1ea1i v\u00e0 d\u1ecbch v\u1ee5 \u0110\u1ea1i Y\u00ean \u0111\u01b0\u1ee3c th\u00e0nh l\u1eadp v\u1edbi s\u1ee9 m\u1ec7nh duy nh\u1ea5t: \u0111\u01b0a d\u1ef1 \u00e1n c\u1ee7a UBND TP H\u00e0 N\u1ed9i l\u00e0 &#8220;Trung t\u00e2m th\u1ec3 thao &amp; Ch\u0103m s\u00f3c s\u1ee9c kho\u1ebb c\u1ed9ng \u0111\u1ed3ng \u0110\u1ea1i Y\u00ean&#8221; \u0111i v\u00e0o ho\u1ea1t \u0111\u1ed9ng, v\u1edbi ch\u01b0\u01a1ng tr\u00ecnh &#8220;<strong>D\u01af\u1ee0NG L\u00c3O \u0110\u1ea0I Y\u00caN<\/strong>&#8221; l\u00e0 n\u00f2ng c\u1ed1t.<\/p>\r\n<p>\r\n\r\n<\/p>\r\n<p><\/p>","protected":false},"excerpt":{"rendered":"<p>\u0110\u1ecba ch\u1ec9: \u0111\u01b0\u1eddng Nguy\u1ec5n V\u0103n Tr\u1ed7i, x\u00e3 \u0110\u1ea1i Y\u00ean, huy\u1ec7n Ch\u01b0\u01a1ng M\u1ef9, H\u00e0 N\u1ed9i V\u1edbi nh\u1ecbp s\u1ed1ng hi\u1ec7n \u0111\u1ea1i ng\u00e0y nay, con c\u00e1i th\u01b0\u1eddng b\u1eadn r\u1ed9n v\u1edbi c\u00f4ng vi\u1ec7c v\u00e0 gia \u0111\u00ecnh, kh\u00f4ng c\u00f3 nhi\u1ec1u th\u1eddi gian ch\u0103m s\u00f3c \u00f4ng b\u00e0, cha m\u1eb9. \u0110i\u1ec1u n\u00e0y khi\u1ebfn nhi\u1ec1u ng\u01b0\u1eddi cao tu\u1ed5i c\u1ea3m th\u1ea5y c\u00f4 \u0111\u01a1n, l\u1ea1c l\u00f5ng v\u00e0 thi\u1ebfu th\u1ed1n t\u00ecnh c\u1ea3m. D\u01af\u1ee0NG L\u00c3O \u0110\u1ea0I Y\u00caN v\u1eabn lu\u00f4n t\u1ef1 h\u00e0o l\u00e0 Trung t\u00e2m ch\u0103m s\u00f3c ng\u01b0\u1eddi cao tu\u1ed5i c\u00f3 khu\u00f4n vi\u00ean s\u1ea1ch s\u1ebd, s\u00e2n v\u01b0\u1eddn r\u1ed9ng r\u00e3i, tho\u00e1ng m\u00e1t, y\u00ean t\u0129nh, th\u00e2n thi\u1ec7n v\u1edbi ng\u01b0\u1eddi cao tu\u1ed5i. Kh\u00f4ng nh\u1eefng v\u1eady, \u0111\u1ed9i ng\u0169 \u0111i\u1ec1u d\u01b0\u1ee1ng vi\u00ean c\u0169ng h\u1ebft s\u1ee9c t\u1eadn t\u00ecnh ch\u0103m s\u00f3c, tr\u1ebb trung, n\u0103ng \u0111\u1ed9ng, chuy\u00ean nghi\u1ec7p s\u1ebd gi\u00fap cho cu\u1ed9c s\u1ed1ng \u201cx\u1ebf chi\u1ec1u\u201d c\u1ee7a ng\u01b0\u1eddi cao tu\u1ed5i \u0111\u01b0\u1ee3c ch\u1ea5t l\u01b0\u1ee3ng h\u01a1n, an vi\u00ean h\u01a1n.\u00a0 &nbsp; D\u01b0\u1ee1ng l\u00e3o \u0110\u1ea1i Y\u00ean l\u00e0 m\u1ed9t gi\u1ea3i ph\u00e1p hi\u1ec7u qu\u1ea3 gi\u00fap ng\u01b0\u1eddi cao tu\u1ed5i c\u00f3 \u0111\u01b0\u1ee3c cu\u1ed9c s\u1ed1ng an y\u00ean, tr\u1ecdn v\u1eb9n trong nh\u1eefng n\u0103m th\u00e1ng x\u1ebf chi\u1ec1u. &nbsp; D\u01af\u1ee0NG L\u00c3O \u0110\u1ea0I Y\u00caN kh\u00f4ng ch\u1ec9 cung c\u1ea5p d\u1ecbch v\u1ee5 ch\u0103m s\u00f3c ng\u01b0\u1eddi cao tu\u1ed5i d\u00e0i ng\u00e0y m\u00e0 c\u00f2n c\u00f3 c\u1ea3 d\u1ecbch v\u1ee5 ch\u0103m s\u00f3c ng\u1eafn ng\u00e0y v\u1edbi chi ph\u00ed \u01b0u \u0111\u00e3i. N\u1ebfu qu\u00fd v\u1ecb c\u00f3 nhu c\u1ea7u s\u1eed d\u1ee5ng d\u1ecbch v\u1ee5 ch\u0103m s\u00f3c ng\u01b0\u1eddi cao tu\u1ed5i ng\u1eafn ng\u00e0y, \u0111\u1eebng ch\u1ea7n ch\u1eeb li\u00ean h\u1ec7 v\u1edbi\u00a0D\u01af\u1ee0NG L\u00c3O \u0110\u1ea0I Y\u00caN\u00a0qua hotline: 0358 988 588 (zalo) ho\u1eb7c 093 626 0088 \u00a0 Trung t\u00e2m cung c\u1ea5p c\u00e1c d\u1ecbch v\u1ee5 ch\u0103m s\u00f3c to\u00e0n di\u1ec7n, bao g\u1ed3m: Ch\u0103m s\u00f3c y t\u1ebf: \u0110\u1ed9i ng\u0169 \u0111i\u1ec1u d\u01b0\u1ee1ng vi\u00ean chuy\u00ean nghi\u1ec7p s\u1ebd cung c\u1ea5p cho ng\u01b0\u1eddi cao tu\u1ed5i s\u1ef1 ch\u0103m s\u00f3c, quan t\u00e2m, nu\u00f4i d\u01b0\u1ee1ng T\u1eacN T\u00ccNH, CHU \u0110\u00c1O. Ch\u0103m s\u00f3c dinh d\u01b0\u1ee1ng: Ch\u1ebf \u0111\u1ed9 \u0103n u\u1ed1ng \u0111\u01b0\u1ee3c t\u00ednh to\u00e1n PH\u00d9 H\u1ee2P v\u1edbi t\u00ecnh tr\u1ea1ng s\u1ee9c kh\u1ecfe v\u00e0 s\u1edf th\u00edch c\u1ee7a t\u1eebng ng\u01b0\u1eddi. Ch\u0103m s\u00f3c \u0111\u1eddi s\u1ed1ng tinh th\u1ea7n: Trung t\u00e2m t\u1ed5 ch\u1ee9c c\u00e1c ho\u1ea1t \u0111\u1ed9ng vui ch\u01a1i, gi\u1ea3i tr\u00ed, giao l\u01b0u,&#8230; gi\u00fap ng\u01b0\u1eddi cao tu\u1ed5i c\u00f3 \u0111\u01b0\u1ee3c cu\u1ed9c s\u1ed1ng VUI V\u1eba, L\u1ea0C QUAN. V\u1ec1 ch\u00fang t\u00f4i C\u00f4ng ty TNHH \u0110\u1ea7u t\u01b0 th\u01b0\u01a1ng m\u1ea1i v\u00e0 d\u1ecbch v\u1ee5 \u0110\u1ea1i Y\u00ean \u0111\u01b0\u1ee3c th\u00e0nh l\u1eadp v\u1edbi s\u1ee9 m\u1ec7nh duy nh\u1ea5t: \u0111\u01b0a d\u1ef1 \u00e1n c\u1ee7a UBND TP H\u00e0 N\u1ed9i l\u00e0 &#8220;Trung t\u00e2m th\u1ec3 thao &amp; Ch\u0103m s\u00f3c s\u1ee9c kho\u1ebb c\u1ed9ng \u0111\u1ed3ng \u0110\u1ea1i Y\u00ean&#8221; \u0111i v\u00e0o ho\u1ea1t \u0111\u1ed9ng, v\u1edbi ch\u01b0\u01a1ng tr\u00ecnh &#8220;D\u01af\u1ee0NG L\u00c3O \u0110\u1ea0I Y\u00caN&#8221; l\u00e0 n\u00f2ng c\u1ed1t.<\/p>\n","protected":false},"author":1,"featured_media":0,"parent":0,"menu_order":0,"comment_status":"closed","ping_status":"closed","template":"","meta":{"_regular_price":[],"currency_symbol":[],"om_disable_all_campaigns":false,"_monsterinsights_skip_tracking":false,"_monsterinsights_sitenote_active":false,"_monsterinsights_sitenote_note":"","_monsterinsights_sitenote_category":0,"footnotes":""},"class_list":["post-16","page","type-page","status-publish","hentry"],"aioseo_notices":[],"post_slider_layout_featured_media_urls":{"thumbnail":"","post_slider_layout_landscape_large":"","post_slider_layout_portrait_large":"","post_slider_layout_square_large":"","post_slider_layout_landscape":"","post_slider_layout_portrait":"","post_slider_layout_square":"","full":""},"blog_post_layout_featured_media_urls":{"thumbnail":"","full":""},"categories_names":null,"comments_number":"0","wpmagazine_modules_lite_featured_media_urls":{"thumbnail":"","cvmm-medium":"","cvmm-medium-plus":"","cvmm-portrait":"","cvmm-medium-square":"","cvmm-large":"","cvmm-small":"","full":""},"_links":{"self":[{"href":"https:\/\/duonglaodaiyen.com\/index.php\/wp-json\/wp\/v2\/pages\/16","targetHints":{"allow":["GET"]}}],"collection":[{"href":"https:\/\/duonglaodaiyen.com\/index.php\/wp-json\/wp\/v2\/pages"}],"about":[{"href":"https:\/\/duonglaodaiyen.com\/index.php\/wp-json\/wp\/v2\/types\/page"}],"author":[{"embeddable":true,"href":"https:\/\/duonglaodaiyen.com\/index.php\/wp-json\/wp\/v2\/users\/1"}],"replies":[{"embeddable":true,"href":"https:\/\/duonglaodaiyen.com\/index.php\/wp-json\/wp\/v2\/comments?post=16"}],"version-history":[{"count":31,"href":"https:\/\/duonglaodaiyen.com\/index.php\/wp-json\/wp\/v2\/pages\/16\/revisions"}],"predecessor-version":[{"id":1053,"href":"https:\/\/duonglaodaiyen.com\/index.php\/wp-json\/wp\/v2\/pages\/16\/revisions\/1053"}],"wp:attachment":[{"href":"https:\/\/duonglaodaiyen.com\/index.php\/wp-json\/wp\/v2\/media?parent=16"}],"curies":[{"name":"wp","href":"https:\/\/api.w.org\/{rel}","templated":true}]}}